{"id":1095,"date":"2019-07-01T14:32:49","date_gmt":"2019-07-01T14:32:49","guid":{"rendered":"https:\/\/unikabeer.com\/unika-original"},"modified":"2021-02-01T12:49:46","modified_gmt":"2021-02-01T12:49:46","slug":"unika-original","status":"publish","type":"page","link":"https:\/\/unikabeer.com\/ca\/unika-original","title":{"rendered":"Unika Original"},"content":{"rendered":"<div class=\"wpb-content-wrapper\"><p>[vc_row full_width=&#8221;stretch_row_content&#8221;][vc_column][rev_slider_vc alias=&#8221;landingoriginal&#8221;][\/vc_column][\/vc_row][vc_section full_width=&#8221;stretch_row_content&#8221;][vc_row][vc_column][vc_empty_space height=&#8221;40px&#8221;][vc_custom_heading text=&#8221;Per qu\u00e8 unika ORIGINAL?&#8221; font_container=&#8221;tag:h1|font_size:40px|text_align:center&#8221; google_fonts=&#8221;font_family:Vollkorn%3Aregular%2Citalic%2C700%2C700italic|font_style:700%20bold%20regular%3A700%3Anormal&#8221;][vc_separator color=&#8221;black&#8221; style=&#8221;shadow&#8221; el_width=&#8221;20&#8243; css=&#8221;.vc_custom_1562075466367{padding-top: 30px !important;padding-bottom: 40px !important;}&#8221;][vc_column_text]<\/p>\n<p style=\"text-align: center;\">Ser ORIGINAL, comporta risc. Es m\u00e9s segur seguir al resta<br \/>\ndel ramat, no destacar i a m\u00e9s pots viure perfectament&#8230;\u00a0 Male\u00eft sigui, unika no \u00e9s aix\u00ed!<\/p>\n<p style=\"text-align: center;\">No \u00e9s una m\u00e9s! \u00a1unika, \u00e9s aut\u00e8ntica!<\/p>\n<p style=\"text-align: center;\">unika, destaca entre les altres! Ens atrau el seu aroma fresc,<br \/>\namb notes a cereals i un subtil toc afruitat, l&#8217;equilibrat<br \/>\ngust dol\u00e7 de malta i amargor ben integrat. Una Rossa<br \/>\namb personalitat![\/vc_column_text][vc_empty_space height=&#8221;50px&#8221;]<div class=\"vckit-btn-container vckit-btn-center\"><a class=\"vckit-btn button--winona button--size-s button--text-thin button--border-none button--round-none vckit_custom_class_85d1b615d85247\" href=\"#acordeonoriginal\" title=\"\" data-text=\"+ INFO\"><span>+ INFO<\/span><\/a><\/div>\n<style type=\"text\/css\" data-type=\"vckit-shortcode-css\" data-shortcode=\"vckit_button\">.vckit-btn.vckit_custom_class_85d1b615d85247 { color: #ffffff}.vckit-btn.vckit_custom_class_85d1b615d85247:hover { color: #efefef}.vckit-btn.vckit_custom_class_85d1b615d85247:after { color: #efefef}.vckit-btn.vckit_custom_class_85d1b615d85247 { background-color: #323333}.vckit-btn.vckit_custom_class_85d1b615d85247:hover { background-color: #494949}<\/style>[vc_empty_space height=&#8221;50px&#8221;][\/vc_column][\/vc_row][\/vc_section][vc_row full_width=&#8221;stretch_row_content&#8221;][vc_column width=&#8221;1\/2&#8243; css=&#8221;.vc_custom_1562080726215{background-color: #cccccc !important;}&#8221; offset=&#8221;vc_hidden-sm&#8221;][vc_empty_space height=&#8221;20px&#8221;][vc_single_image image=&#8221;1011&#8243; img_size=&#8221;full&#8221; alignment=&#8221;center&#8221; css_animation=&#8221;left-to-right&#8221;][vc_empty_space height=&#8221;55px&#8221;][\/vc_column][vc_column width=&#8221;1\/2&#8243; css=&#8221;.vc_custom_1562080466298{background-color: #ededed !important;}&#8221; offset=&#8221;vc_hidden-sm&#8221;][vc_custom_heading text=&#8221;Una experiencia unika ORIGINAL&#8221; font_container=&#8221;tag:h1|font_size:40px|text_align:center&#8221; google_fonts=&#8221;font_family:Vollkorn%3Aregular%2Citalic%2C700%2C700italic|font_style:700%20bold%20regular%3A700%3Anormal&#8221;][vc_empty_space height=&#8221;5px&#8221;]\n<div class=\"vckit-icon-box elegant-icon-box eib-icon-effect-1 eib-icon-effect-1a eib-layout-icon-on-top eib-align-left eib-top-align-center eib-icon-circle eib-size-medium eib-type-icon eib-hover-icon   vckit_custom_class_96017f8a019564 \" >\n  <div class=\"eib-wrapper\">\n          <div class=\"eib-icon\">\n        <div class=\"eib-fonts-icon\"><span class=\"eib-before-icon\"><\/span><i class=\"typcn typcn-beer\"><\/i><span class=\"eib-after-icon\"><\/span><\/div>      <\/div>\n                <h3 >EL PODER DE L\u2019ATRACCI\u00d3<\/h3>\n          \n    <div class=\"eib-clearfix\"><\/div>\n    <div class=\"eib-description\"><p>Fixa&#8217;t en el color sensual daurat clar i degusta la seva fuga\u00e7 escuma, cremosa i fina.<\/p>\n<\/div>\n\n      <\/div>\n    <\/div>\n<style type=\"text\/css\" data-type=\"vckit-shortcode-css\" data-shortcode=\"vckit_icon_box\">.elegant-icon-box.vckit_custom_class_96017f8a019564.eib-hover-icon .eib-icon:hover .eib-before-icon, .elegant-icon-box.vckit_custom_class_96017f8a019564.eib-hover-global:hover .eib-before-icon { background-color: #323333; }.elegant-icon-box.vckit_custom_class_96017f8a019564.eib-hover-icon .eib-icon:hover .eib-after-icon, .elegant-icon-box.vckit_custom_class_96017f8a019564.eib-hover-global:hover .eib-after-icon { border-color: #323333}<\/style>\n<div class=\"vckit-icon-box elegant-icon-box eib-icon-effect-1 eib-icon-effect-1a eib-layout-icon-on-top eib-align-left eib-top-align-center eib-icon-circle eib-size-medium eib-type-image eib-hover-icon   vckit_custom_class_86017f8b96b6bc \" >\n  <div class=\"eib-wrapper\">\n          <div class=\"eib-icon\">\n        <div class=\"eib-fonts-icon\"><span class=\"eib-before-icon\"><\/span><div class=\"eib-img\"><img decoding=\"async\" src=\"https:\/\/unikabeer.com\/wp-content\/uploads\/2019\/07\/barril2.png\" style=\"width:75px; height:75px;\" alt=\"unika ORIGINAL ET CAPTIVA\" \/><\/div><span class=\"eib-after-icon\"><\/span><\/div>      <\/div>\n                <h3 >unika ORIGINAL ET CAPTIVA<\/h3>\n          \n    <div class=\"eib-clearfix\"><\/div>\n    <div class=\"eib-description\"><p>Deixa&#8217;t captivar per la seva aroma fresca que recorda al pa amb mantega i un molt subtil toc d&#8217;esp\u00e8cies.<\/p>\n<\/div>\n\n      <\/div>\n    <\/div>\n<style type=\"text\/css\" data-type=\"vckit-shortcode-css\" data-shortcode=\"vckit_icon_box\">.elegant-icon-box.vckit_custom_class_86017f8b96b6bc.eib-hover-icon .eib-icon:hover .eib-before-icon, .elegant-icon-box.vckit_custom_class_86017f8b96b6bc.eib-hover-global:hover .eib-before-icon { background-color: #323333; }.elegant-icon-box.vckit_custom_class_86017f8b96b6bc.eib-hover-icon .eib-icon:hover .eib-after-icon, .elegant-icon-box.vckit_custom_class_86017f8b96b6bc.eib-hover-global:hover .eib-after-icon { border-color: #323333}<\/style>\n<div class=\"vckit-icon-box elegant-icon-box eib-icon-effect-1 eib-icon-effect-1a eib-layout-icon-on-top eib-align-left eib-top-align-center eib-icon-circle eib-size-medium eib-type-image eib-hover-icon   vckit_custom_class_86017f8c7b95c4 \" >\n  <div class=\"eib-wrapper\">\n          <div class=\"eib-icon\">\n        <div class=\"eib-fonts-icon\"><span class=\"eib-before-icon\"><\/span><div class=\"eib-img\"><img decoding=\"async\" src=\"https:\/\/unikabeer.com\/wp-content\/uploads\/2019\/07\/cerveza.svg\" style=\"width:75px; height:75px;\" alt=\"SIMPLEMENT GAUDEIX\" \/><\/div><span class=\"eib-after-icon\"><\/span><\/div>      <\/div>\n                <h3 >SIMPLEMENT GAUDEIX<\/h3>\n          \n    <div class=\"eib-clearfix\"><\/div>\n    <div class=\"eib-description\"><p>I finalment, tanca els ulls i tasta el seu suau i equilibrat sabor amb una amargor ben integrada.<\/p>\n<\/div>\n\n      <\/div>\n    <\/div>\n<style type=\"text\/css\" data-type=\"vckit-shortcode-css\" data-shortcode=\"vckit_icon_box\">.elegant-icon-box.vckit_custom_class_86017f8c7b95c4.eib-hover-icon .eib-icon:hover .eib-before-icon, .elegant-icon-box.vckit_custom_class_86017f8c7b95c4.eib-hover-global:hover .eib-before-icon { background-color: #323333; }.elegant-icon-box.vckit_custom_class_86017f8c7b95c4.eib-hover-icon .eib-icon:hover .eib-after-icon, .elegant-icon-box.vckit_custom_class_86017f8c7b95c4.eib-hover-global:hover .eib-after-icon { border-color: #323333}<\/style>[vc_empty_space height=&#8221;20px&#8221;][\/vc_column][\/vc_row][vc_row full_width=&#8221;stretch_row_content&#8221;][vc_column][vc_empty_space height=&#8221;40px&#8221;][\/vc_column][\/vc_row][vc_row full_width=&#8221;stretch_row_content&#8221;][vc_column width=&#8221;1\/3&#8243;][vc_single_image image=&#8221;968&#8243; img_size=&#8221;full&#8221; alignment=&#8221;center&#8221; css_animation=&#8221;left-to-right&#8221;][\/vc_column][vc_column width=&#8221;1\/3&#8243;][vc_single_image image=&#8221;967&#8243; img_size=&#8221;full&#8221; alignment=&#8221;center&#8221; css_animation=&#8221;bottom-to-top&#8221;][\/vc_column][vc_column width=&#8221;1\/3&#8243;][vc_single_image image=&#8221;966&#8243; img_size=&#8221;full&#8221; alignment=&#8221;center&#8221; css_animation=&#8221;right-to-left&#8221;][\/vc_column][\/vc_row][vc_row full_width=&#8221;stretch_row_content&#8221; el_id=&#8221;acordeonoriginal&#8221;][vc_column][vc_empty_space height=&#8221;60px&#8221;][vc_separator color=&#8221;custom&#8221; style=&#8221;shadow&#8221; el_width=&#8221;30&#8243; accent_color=&#8221;#cccccc&#8221;][vc_empty_space height=&#8221;60px&#8221;][\/vc_column][\/vc_row][vc_row full_width=&#8221;stretch_row_content&#8221; css=&#8221;.vc_custom_1589925926492{padding-top: 50px !important;padding-bottom: 50px !important;}&#8221;][vc_column width=&#8221;1\/4&#8243;][\/vc_column][vc_column width=&#8221;1\/2&#8243;][vc_tta_accordion style=&#8221;modern&#8221; shape=&#8221;square&#8221; color=&#8221;white&#8221; spacing=&#8221;2&#8243; c_align=&#8221;center&#8221; active_section=&#8221;1&#8243; collapsible_all=&#8221;true&#8221;][vc_tta_section title=&#8221;INGREDIENTS 100% NATURALS&#8221; tab_id=&#8221;1562067503754-2ab356db-ef6f&#8221;][vc_column_text]<\/p>\n<p style=\"text-align: center;\">Malta d&#8217;ordi Pilsner, Carapils i M\u00fcnchener, Ll\u00fapols Magnum i Hallertauer Mittelfr\u00fch, Llevats Lager.<\/p>\n<p>[\/vc_column_text][\/vc_tta_section][vc_tta_section title=&#8221;CARACTER\u00cdSTIQUES&#8221; tab_id=&#8221;1562067503763-111183fe-7145&#8243;][vc_column_text]<\/p>\n<p style=\"text-align: center;\">Aroma predominant a cereals (malta) amb notes afruitades (pl\u00e0tan) i suau aroma de diacetil (mantega) a l&#8217;entrar en calor.<\/p>\n<p>[\/vc_column_text][\/vc_tta_section][vc_tta_section title=&#8221;GUSTATIU&#8221; tab_id=&#8221;1562069146770-e21be31c-9810&#8243;][vc_column_text]<\/p>\n<p style=\"text-align: center;\">Entrada agradable i refrescant. Suau en boca i equilibrat contrast del dol\u00e7 de la malta amb l&#8217;amarg del ll\u00fapol. Post-gust a la boca a cereals. Cos baix.<\/p>\n<p>[\/vc_column_text][\/vc_tta_section][vc_tta_section title=&#8221;MARIDATGE&#8221; tab_id=&#8221;1562069180431-7cf9155e-ace8&#8243;][vc_column_text]<\/p>\n<p style=\"text-align: center;\">Prendre com a aperitiu i en companyia de tapes com seitons en vinagre, olives, patates fregides o braves, amanides, pizzes, marisc, sushi i hamburgueses.<\/p>\n<p>[\/vc_column_text][\/vc_tta_section][vc_tta_section title=&#8221;TEMPERATURA DE SERVEI&#8221; tab_id=&#8221;1562069210528-2e095b30-b6fb&#8221;][vc_column_text]<\/p>\n<p style=\"text-align: center;\">4 &#8211; 7\u00baC<\/p>\n<p>[\/vc_column_text][\/vc_tta_section][vc_tta_section title=&#8221;ESTIL&#8221; tab_id=&#8221;1562069430362-6b15aff9-dc80&#8243;][vc_column_text]<\/p>\n<p style=\"text-align: center;\">Pale Lager \/ Pilsen de carbonataci\u00f3 natural.<\/p>\n<p>[\/vc_column_text][\/vc_tta_section][vc_tta_section title=&#8221;COLOR&#8221; tab_id=&#8221;1562069451872-86c3a398-138c&#8221;][vc_column_text]<\/p>\n<p style=\"text-align: center;\">14 (EBC) Ambar clar.<\/p>\n<p>[\/vc_column_text][\/vc_tta_section][vc_tta_section title=&#8221;AMARG&#8221; tab_id=&#8221;1562069497063-ab69c3bb-744c&#8221;][vc_column_text]<\/p>\n<p style=\"text-align: center;\">20 (IBU) Lleuger Amarg.<\/p>\n<p>[\/vc_column_text][\/vc_tta_section][vc_tta_section title=&#8221;FERMENTACI\u00d3&#8221; tab_id=&#8221;1562069524496-4a38a2e4-982f&#8221;][vc_column_text]<\/p>\n<p style=\"text-align: center;\">Baixa temperatura.<\/p>\n<p>[\/vc_column_text][\/vc_tta_section][vc_tta_section title=&#8221;ALCOHOL&#8221; tab_id=&#8221;1562069544211-2ea9ff2b-e298&#8243;][vc_column_text]<\/p>\n<p style=\"text-align: center;\">5,0%<\/p>\n<p>[\/vc_column_text][\/vc_tta_section][\/vc_tta_accordion][\/vc_column][vc_column width=&#8221;1\/4&#8243;][\/vc_column][\/vc_row][vc_row full_width=&#8221;stretch_row_content&#8221;][vc_column][vc_empty_space height=&#8221;40px&#8221;][vc_separator color=&#8221;custom&#8221; style=&#8221;shadow&#8221; el_width=&#8221;30&#8243; accent_color=&#8221;#cccccc&#8221;][vc_empty_space height=&#8221;40px&#8221;][\/vc_column][\/vc_row][vc_row full_width=&#8221;stretch_row_content&#8221;][vc_column][vc_empty_space height=&#8221;50px&#8221;][vc_custom_heading text=&#8221;Vols provar una unika ORIGINAL?&#8221; font_container=&#8221;tag:h1|font_size:40px|text_align:center&#8221; google_fonts=&#8221;font_family:Vollkorn%3Aregular%2Citalic%2C700%2C700italic|font_style:700%20bold%20regular%3A700%3Anormal&#8221;][vc_column_text]<\/p>\n<p style=\"text-align: center;\">Visita la nostra botiga!<\/p>\n<p>[\/vc_column_text][vc_empty_space height=&#8221;20px&#8221;]<div class=\"vckit-btn-container vckit-btn-center\"><a class=\"vckit-btn button--winona button--size-s button--text-thin button--border-none button--round-none vckit_custom_class_105ec480f1826c5 button--text-upper\" data-lightbox=\"lightbox\" href=\"#formulariooriginal\" data-text=\"VEURE BOTIGA\"><span>VEURE BOTIGA<\/span><\/a><\/div>\n<style type=\"text\/css\" data-type=\"vckit-shortcode-css\" data-shortcode=\"vckit_button\">.vckit-btn.vckit_custom_class_105ec480f1826c5 { color: #ffffff}.vckit-btn.vckit_custom_class_105ec480f1826c5:hover { color: #efefef}.vckit-btn.vckit_custom_class_105ec480f1826c5:after { color: #efefef}.vckit-btn.vckit_custom_class_105ec480f1826c5 { background-color: #323333}.vckit-btn.vckit_custom_class_105ec480f1826c5:hover { background-color: #494949}<\/style><div\n  class=\"vckit-lightbox vckit-lightbox-size--large mfp-hide vckit_custom_class_85d1b72ee17a3f  \"\n  id=\"formulariooriginal\">\n\n<div class=\"wpcf7 no-js\" id=\"wpcf7-f366-o1\" lang=\"es-ES\" dir=\"ltr\">\n<div class=\"screen-reader-response\"><p role=\"status\" aria-live=\"polite\" aria-atomic=\"true\"><\/p> <ul><\/ul><\/div>\n<form action=\"\/ca\/wp-json\/wp\/v2\/pages\/1095#wpcf7-f366-o1\" method=\"post\" class=\"wpcf7-form init\" aria-label=\"Formulario de contacto\" novalidate=\"novalidate\" data-status=\"init\">\n<div style=\"display: none;\">\n<input type=\"hidden\" name=\"_wpcf7\" value=\"366\" \/>\n<input type=\"hidden\" name=\"_wpcf7_version\" value=\"5.9\" \/>\n<input type=\"hidden\" name=\"_wpcf7_locale\" value=\"es_ES\" \/>\n<input type=\"hidden\" name=\"_wpcf7_unit_tag\" value=\"wpcf7-f366-o1\" \/>\n<input type=\"hidden\" name=\"_wpcf7_container_post\" value=\"0\" \/>\n<input type=\"hidden\" name=\"_wpcf7_posted_data_hash\" value=\"\" \/>\n<input type=\"hidden\" name=\"_wpcf7_recaptcha_response\" value=\"\" \/>\n<\/div>\n<div class=\"vc_row\">\n\t<div class=\"vc_col-md-6\">\n\t\t<p><span class=\"vckit-input\"><br \/>\n<span class=\"wpcf7-form-control-wrap\" data-name=\"your-name\"><input size=\"40\" class=\"wpcf7-form-control wpcf7-text wpcf7-validates-as-required vckit-input__field\" aria-required=\"true\" aria-invalid=\"false\" value=\"\" type=\"text\" name=\"your-name\" \/><\/span><br \/>\n<label class=\"vckit-input__label\" for=\"your-name\"><br \/>\n<span class=\"vckit-input__label-content\"> Tu nombre<\/span><br \/>\n<\/label><br \/>\n<\/span>\n\t\t<\/p>\n\t<\/div>\n\t<div class=\"vc_col-md-6\">\n\t\t<p><span class=\"vckit-input\"><br \/>\n<span class=\"wpcf7-form-control-wrap\" data-name=\"your-email\"><input size=\"40\" class=\"wpcf7-form-control wpcf7-email wpcf7-validates-as-required wpcf7-text wpcf7-validates-as-email vckit-input__field\" aria-required=\"true\" aria-invalid=\"false\" value=\"\" type=\"email\" name=\"your-email\" \/><\/span><br \/>\n<label class=\"vckit-input__label\" for=\"your-email\"><br \/>\n<span class=\"vckit-input__label-content\"> Email <\/span><br \/>\n<\/label><br \/>\n<\/span>\n\t\t<\/p>\n\t<\/div>\n\t<div class=\"vc_col-md-12\">\n\t\t<p><span class=\"vckit-input\"><br \/>\n<span class=\"wpcf7-form-control-wrap\" data-name=\"your-subject\"><input size=\"40\" class=\"wpcf7-form-control wpcf7-text vckit-input__field\" aria-invalid=\"false\" value=\"\" type=\"text\" name=\"your-subject\" \/><\/span><br \/>\n<label class=\"vckit-input__label\" for=\"your-subject\"><br \/>\n<span class=\"vckit-input__label-content\"> Asunto<\/span><br \/>\n<\/label><br \/>\n<\/span>\n\t\t<\/p>\n\t<\/div>\n\t<div class=\"vc_col-md-12\">\n\t\t<p><span class=\"vckit-input\"><br \/>\n<span class=\"wpcf7-form-control-wrap\" data-name=\"your-message\"><textarea cols=\"40\" rows=\"10\" class=\"wpcf7-form-control wpcf7-textarea\" aria-invalid=\"false\" placeholder=\"Tu mensaje\" name=\"your-message\"><\/textarea><\/span><br \/>\n<\/span>\n\t\t<\/p>\n\t<\/div>\n\t<div class=\"vc_col-md-12\">\n\t\t<p><input class=\"wpcf7-form-control wpcf7-submit has-spinner\" type=\"submit\" value=\"Enviar\" \/>\n\t\t<\/p>\n\t<\/div>\n<\/div><p style=\"display: none !important;\" class=\"akismet-fields-container\" data-prefix=\"_wpcf7_ak_\"><label>&#916;<textarea name=\"_wpcf7_ak_hp_textarea\" cols=\"45\" rows=\"8\" maxlength=\"100\"><\/textarea><\/label><input type=\"hidden\" id=\"ak_js_1\" name=\"_wpcf7_ak_js\" value=\"67\"\/><script>document.getElementById( \"ak_js_1\" ).setAttribute( \"value\", ( new Date() ).getTime() );<\/script><\/p><div class=\"wpcf7-response-output\" aria-hidden=\"true\"><\/div>\n<\/form>\n<\/div>\n<\/div>\n<style type=\"text\/css\" data-type=\"vckit-shortcode-css\" data-shortcode=\"vckit_lightbox\">.vckit-lightbox.vckit_custom_class_85d1b72ee17a3f { width: 500x500; }<\/style>[vc_empty_space height=&#8221;50px&#8221;][vc_single_image image=&#8221;951&#8243; img_size=&#8221;full&#8221; alignment=&#8221;center&#8221; css_animation=&#8221;bottom-to-top&#8221;][\/vc_column][\/vc_row]<\/p>\n<\/div>","protected":false},"excerpt":{"rendered":"<p>[vc_row full_width=&#8221;stretch_row_content&#8221;][vc_column][rev_slider_vc alias=&#8221;landingoriginal&#8221;][\/vc_column][\/vc_row][vc_section full_width=&#8221;stretch_row_content&#8221;][vc_row][vc_column][vc_empty_space height=&#8221;40px&#8221;][vc_custom_heading text=&#8221;Per qu\u00e8 unika ORIGINAL?&#8221; font_container=&#8221;tag:h1|font_size:40px|text_align:center&#8221; google_fonts=&#8221;font_family:Vollkorn%3Aregular%2Citalic%2C700%2C700italic|font_style:700%20bold%20regular%3A700%3Anormal&#8221;][vc_separator color=&#8221;black&#8221; style=&#8221;shadow&#8221; el_width=&#8221;20&#8243; css=&#8221;.vc_custom_1562075466367{padding-top: 30px !important;padding-bottom: 40px !important;}&#8221;][vc_column_text] Ser ORIGINAL, comporta risc. Es m\u00e9s segur seguir al resta del ramat, no destacar i a m\u00e9s pots viure perfectament&#8230;\u00a0 Male\u00eft sigui, unika no \u00e9s aix\u00ed! No \u00e9s una m\u00e9s! \u00a1unika, \u00e9s aut\u00e8ntica! unika, destaca entre&hellip;<\/p>\n","protected":false},"author":1,"featured_media":1475,"parent":0,"menu_order":0,"comment_status":"closed","ping_status":"closed","template":"","meta":{"footnotes":""},"class_list":["post-1095","page","type-page","status-publish","has-post-thumbnail","hentry","description-off"],"yoast_head":"<!-- This site is optimized with the Yoast SEO plugin v20.10 - https:\/\/yoast.com\/wordpress\/plugins\/seo\/ -->\n<title>Unika Original - Unika Beer<\/title>\n<meta name=\"robots\" content=\"index, follow, max-snippet:-1, max-image-preview:large, max-video-preview:-1\" \/>\n<link rel=\"canonical\" href=\"https:\/\/unikabeer.com\/ca\/unika-original\" \/>\n<meta property=\"og:locale\" content=\"ca_ES\" \/>\n<meta property=\"og:type\" content=\"article\" \/>\n<meta property=\"og:title\" content=\"Unika Original - Unika Beer\" \/>\n<meta property=\"og:description\" content=\"[vc_row full_width=&#8221;stretch_row_content&#8221;][vc_column][rev_slider_vc alias=&#8221;landingoriginal&#8221;][\/vc_column][\/vc_row][vc_section full_width=&#8221;stretch_row_content&#8221;][vc_row][vc_column][vc_empty_space height=&#8221;40px&#8221;][vc_custom_heading text=&#8221;Per qu\u00e8 unika ORIGINAL?&#8221; font_container=&#8221;tag:h1|font_size:40px|text_align:center&#8221; google_fonts=&#8221;font_family:Vollkorn%3Aregular%2Citalic%2C700%2C700italic|font_style:700%20bold%20regular%3A700%3Anormal&#8221;][vc_separator color=&#8221;black&#8221; style=&#8221;shadow&#8221; el_width=&#8221;20&#8243; css=&#8221;.vc_custom_1562075466367{padding-top: 30px !important;padding-bottom: 40px !important;}&#8221;][vc_column_text] Ser ORIGINAL, comporta risc. Es m\u00e9s segur seguir al resta del ramat, no destacar i a m\u00e9s pots viure perfectament&#8230;\u00a0 Male\u00eft sigui, unika no \u00e9s aix\u00ed! No \u00e9s una m\u00e9s! \u00a1unika, \u00e9s aut\u00e8ntica! unika, destaca entre&hellip;\" \/>\n<meta property=\"og:url\" content=\"https:\/\/unikabeer.com\/ca\/unika-original\" \/>\n<meta property=\"og:site_name\" content=\"Unika Beer\" \/>\n<meta property=\"article:modified_time\" content=\"2021-02-01T12:49:46+00:00\" \/>\n<meta property=\"og:image\" content=\"https:\/\/unikabeer.com\/wp-content\/uploads\/2019\/07\/beer_transparentoriginalcentradolimpio.png\" \/>\n\t<meta property=\"og:image:width\" content=\"620\" \/>\n\t<meta property=\"og:image:height\" content=\"620\" \/>\n\t<meta property=\"og:image:type\" content=\"image\/png\" \/>\n<meta name=\"twitter:card\" content=\"summary_large_image\" \/>\n<meta name=\"twitter:label1\" content=\"Temps estimat de lectura\" \/>\n\t<meta name=\"twitter:data1\" content=\"6 minuts\" \/>\n<script type=\"application\/ld+json\" class=\"yoast-schema-graph\">{\"@context\":\"https:\/\/schema.org\",\"@graph\":[{\"@type\":\"WebPage\",\"@id\":\"https:\/\/unikabeer.com\/ca\/unika-original\",\"url\":\"https:\/\/unikabeer.com\/ca\/unika-original\",\"name\":\"Unika Original - Unika Beer\",\"isPartOf\":{\"@id\":\"https:\/\/unikabeer.com\/#website\"},\"datePublished\":\"2019-07-01T14:32:49+00:00\",\"dateModified\":\"2021-02-01T12:49:46+00:00\",\"breadcrumb\":{\"@id\":\"https:\/\/unikabeer.com\/ca\/unika-original#breadcrumb\"},\"inLanguage\":\"ca\",\"potentialAction\":[{\"@type\":\"ReadAction\",\"target\":[\"https:\/\/unikabeer.com\/ca\/unika-original\"]}]},{\"@type\":\"BreadcrumbList\",\"@id\":\"https:\/\/unikabeer.com\/ca\/unika-original#breadcrumb\",\"itemListElement\":[{\"@type\":\"ListItem\",\"position\":1,\"name\":\"Portada\",\"item\":\"https:\/\/unikabeer.com\/ca\"},{\"@type\":\"ListItem\",\"position\":2,\"name\":\"Unika Original\"}]},{\"@type\":\"WebSite\",\"@id\":\"https:\/\/unikabeer.com\/#website\",\"url\":\"https:\/\/unikabeer.com\/\",\"name\":\"Unika Beer\",\"description\":\"Todo tiene un principio\",\"potentialAction\":[{\"@type\":\"SearchAction\",\"target\":{\"@type\":\"EntryPoint\",\"urlTemplate\":\"https:\/\/unikabeer.com\/?s={search_term_string}\"},\"query-input\":\"required name=search_term_string\"}],\"inLanguage\":\"ca\"}]}<\/script>\n<!-- \/ Yoast SEO plugin. -->","yoast_head_json":{"title":"Unika Original - Unika Beer","robots":{"index":"index","follow":"follow","max-snippet":"max-snippet:-1","max-image-preview":"max-image-preview:large","max-video-preview":"max-video-preview:-1"},"canonical":"https:\/\/unikabeer.com\/ca\/unika-original","og_locale":"ca_ES","og_type":"article","og_title":"Unika Original - Unika Beer","og_description":"[vc_row full_width=&#8221;stretch_row_content&#8221;][vc_column][rev_slider_vc alias=&#8221;landingoriginal&#8221;][\/vc_column][\/vc_row][vc_section full_width=&#8221;stretch_row_content&#8221;][vc_row][vc_column][vc_empty_space height=&#8221;40px&#8221;][vc_custom_heading text=&#8221;Per qu\u00e8 unika ORIGINAL?&#8221; font_container=&#8221;tag:h1|font_size:40px|text_align:center&#8221; google_fonts=&#8221;font_family:Vollkorn%3Aregular%2Citalic%2C700%2C700italic|font_style:700%20bold%20regular%3A700%3Anormal&#8221;][vc_separator color=&#8221;black&#8221; style=&#8221;shadow&#8221; el_width=&#8221;20&#8243; css=&#8221;.vc_custom_1562075466367{padding-top: 30px !important;padding-bottom: 40px !important;}&#8221;][vc_column_text] Ser ORIGINAL, comporta risc. Es m\u00e9s segur seguir al resta del ramat, no destacar i a m\u00e9s pots viure perfectament&#8230;\u00a0 Male\u00eft sigui, unika no \u00e9s aix\u00ed! No \u00e9s una m\u00e9s! \u00a1unika, \u00e9s aut\u00e8ntica! unika, destaca entre&hellip;","og_url":"https:\/\/unikabeer.com\/ca\/unika-original","og_site_name":"Unika Beer","article_modified_time":"2021-02-01T12:49:46+00:00","og_image":[{"width":620,"height":620,"url":"https:\/\/unikabeer.com\/wp-content\/uploads\/2019\/07\/beer_transparentoriginalcentradolimpio.png","type":"image\/png"}],"twitter_card":"summary_large_image","twitter_misc":{"Temps estimat de lectura":"6 minuts"},"schema":{"@context":"https:\/\/schema.org","@graph":[{"@type":"WebPage","@id":"https:\/\/unikabeer.com\/ca\/unika-original","url":"https:\/\/unikabeer.com\/ca\/unika-original","name":"Unika Original - Unika Beer","isPartOf":{"@id":"https:\/\/unikabeer.com\/#website"},"datePublished":"2019-07-01T14:32:49+00:00","dateModified":"2021-02-01T12:49:46+00:00","breadcrumb":{"@id":"https:\/\/unikabeer.com\/ca\/unika-original#breadcrumb"},"inLanguage":"ca","potentialAction":[{"@type":"ReadAction","target":["https:\/\/unikabeer.com\/ca\/unika-original"]}]},{"@type":"BreadcrumbList","@id":"https:\/\/unikabeer.com\/ca\/unika-original#breadcrumb","itemListElement":[{"@type":"ListItem","position":1,"name":"Portada","item":"https:\/\/unikabeer.com\/ca"},{"@type":"ListItem","position":2,"name":"Unika Original"}]},{"@type":"WebSite","@id":"https:\/\/unikabeer.com\/#website","url":"https:\/\/unikabeer.com\/","name":"Unika Beer","description":"Todo tiene un principio","potentialAction":[{"@type":"SearchAction","target":{"@type":"EntryPoint","urlTemplate":"https:\/\/unikabeer.com\/?s={search_term_string}"},"query-input":"required name=search_term_string"}],"inLanguage":"ca"}]}},"_links":{"self":[{"href":"https:\/\/unikabeer.com\/ca\/wp-json\/wp\/v2\/pages\/1095","targetHints":{"allow":["GET"]}}],"collection":[{"href":"https:\/\/unikabeer.com\/ca\/wp-json\/wp\/v2\/pages"}],"about":[{"href":"https:\/\/unikabeer.com\/ca\/wp-json\/wp\/v2\/types\/page"}],"author":[{"embeddable":true,"href":"https:\/\/unikabeer.com\/ca\/wp-json\/wp\/v2\/users\/1"}],"replies":[{"embeddable":true,"href":"https:\/\/unikabeer.com\/ca\/wp-json\/wp\/v2\/comments?post=1095"}],"version-history":[{"count":1,"href":"https:\/\/unikabeer.com\/ca\/wp-json\/wp\/v2\/pages\/1095\/revisions"}],"predecessor-version":[{"id":3250,"href":"https:\/\/unikabeer.com\/ca\/wp-json\/wp\/v2\/pages\/1095\/revisions\/3250"}],"wp:featuredmedia":[{"embeddable":true,"href":"https:\/\/unikabeer.com\/ca\/wp-json\/wp\/v2\/media\/1475"}],"wp:attachment":[{"href":"https:\/\/unikabeer.com\/ca\/wp-json\/wp\/v2\/media?parent=1095"}],"curies":[{"name":"wp","href":"https:\/\/api.w.org\/{rel}","templated":true}]}}